{"id":10650,"date":"2024-10-25T08:20:28","date_gmt":"2024-10-25T08:20:28","guid":{"rendered":"https:\/\/www.jlmardaras.es\/?page_id=10650"},"modified":"2024-10-25T08:38:51","modified_gmt":"2024-10-25T08:38:51","slug":"instalacion-fotovoltaica","status":"publish","type":"page","link":"https:\/\/www.jlmardaras.es\/en\/instalacion-fotovoltaica\/","title":{"rendered":"Instalaci\u00f3n Fotovoltaica"},"content":{"rendered":"<div data-elementor-type=\"wp-post\" data-elementor-id=\"10650\" class=\"elementor elementor-10650\">\n\t\t\t\t\t\t<section class=\"elementor-section elementor-top-section elementor-element elementor-element-4623918 elementor-section-boxed elementor-section-height-default elementor-section-height-default\" data-id=\"4623918\" data-element_type=\"section\">\n\t\t\t\t\t\t<div class=\"elementor-container elementor-column-gap-default\">\n\t\t\t\t\t<div class=\"elementor-column elementor-col-100 elementor-top-column elementor-element elementor-element-472d857\" data-id=\"472d857\" data-element_type=\"column\">\n\t\t\t<div class=\"elementor-widget-wrap elementor-element-populated\">\n\t\t\t\t\t\t<div class=\"elementor-element elementor-element-0ae863c elementor-widget elementor-widget-section_title\" data-id=\"0ae863c\" data-element_type=\"widget\" data-widget_type=\"section_title.default\">\n\t\t\t\t<div class=\"elementor-widget-container\">\n\t\t\t        <div class=\"section-title st-left st-st1\">\n        <h4 class=\"sec-subtitle\"><span>GRUPO MARDARAS<\/span><\/h4>            <h2 class=\"sec-title\"><span>1.\tDESCRIPCI\u00d3N PREVIA<\/span><\/h2>                    <\/div>\n        \t\t<\/div>\n\t\t\t\t<\/div>\n\t\t\t\t<div class=\"elementor-element elementor-element-ab96ed2 elementor-widget elementor-widget-text-editor\" data-id=\"ab96ed2\" data-element_type=\"widget\" data-widget_type=\"text-editor.default\">\n\t\t\t\t<div class=\"elementor-widget-container\">\n\t\t\t\t\t\t\t<p>JOSE LUIS MARDARAS E HIJOS, S.L. ha realizado una instalaci\u00f3n fotovoltaica de autoconsumo para abastecer de energ\u00eda el\u00e9ctrica sus instalaciones situadas en Cacicedo de Camargo.<\/p><p>Dicha generaci\u00f3n de energ\u00eda alimenta los cuadros el\u00e9ctricos, que a su vez abastecen de energ\u00eda el\u00e9ctrica a los sistemas de iluminaci\u00f3n, climatizaci\u00f3n, equipos inform\u00e1ticos y herramientas y equipos el\u00e9ctricos de la zona de garaje-taller.<\/p><p>La instalaci\u00f3n fotovoltaica encaja perfectamente con la demanda del edificio, puesto que el horario de utilizaci\u00f3n discurre entre las 8:00 y las 19:00, que coincide con el horario de generaci\u00f3n solar. Adem\u00e1s, durante la \u00e9poca de primavera-verano aumenta la demanda de climatizaci\u00f3n, lo que permite que se aproveche la mayor producci\u00f3n solar de esta \u00e9poca.<\/p>\t\t\t\t\t\t<\/div>\n\t\t\t\t<\/div>\n\t\t\t\t\t<\/div>\n\t\t<\/div>\n\t\t\t\t\t<\/div>\n\t\t<\/section>\n\t\t\t\t<section class=\"elementor-section elementor-top-section elementor-element elementor-element-46cd3fc elementor-section-stretched sec-padding elementor-section-boxed elementor-section-height-default elementor-section-height-default\" data-id=\"46cd3fc\" data-element_type=\"section\" data-settings=\"{&quot;stretch_section&quot;:&quot;section-stretched&quot;,&quot;background_background&quot;:&quot;classic&quot;}\">\n\t\t\t\t\t\t<div class=\"elementor-container elementor-column-gap-wide\">\n\t\t\t\t\t<div class=\"elementor-column elementor-col-50 elementor-top-column elementor-element elementor-element-8141bba\" data-id=\"8141bba\" data-element_type=\"column\">\n\t\t\t<div class=\"elementor-widget-wrap elementor-element-populated\">\n\t\t\t\t\t\t<div class=\"elementor-element elementor-element-a26d9f7 elementor-widget elementor-widget-section_title\" data-id=\"a26d9f7\" data-element_type=\"widget\" data-widget_type=\"section_title.default\">\n\t\t\t\t<div class=\"elementor-widget-container\">\n\t\t\t        <div class=\"section-title st-left st-st1\">\n        <h4 class=\"sec-subtitle\"><span>GRUPO MARDARAS<\/span><\/h4>            <h2 class=\"sec-title\"><span>2.\tINSTALACI\u00d3N FOTOVOLTAICA<\/span><\/h2>                    <\/div>\n        \t\t<\/div>\n\t\t\t\t<\/div>\n\t\t\t\t<div class=\"elementor-element elementor-element-136e4e6 elementor-widget elementor-widget-text-editor\" data-id=\"136e4e6\" data-element_type=\"widget\" data-widget_type=\"text-editor.default\">\n\t\t\t\t<div class=\"elementor-widget-container\">\n\t\t\t\t\t\t\t<p>Se compone de:<\/p><p>\u00b7 56 m\u00f3dulos fotovoltaicos de \u00b7 460 Wp repartidos en 2 grupos de 15 m\u00f3dulos cada uno y otros 2 grupos de 18 m\u00f3dulos cada uno.<\/p><p>\u00b7 Inversor fotovoltaico de 20 kW.<\/p><p>\u00b7 Sistema de monitorizaci\u00f3n.<\/p><p>\u00b7 Cuadro de protecciones el\u00e9ctricas.<\/p><p>La producci\u00f3n anual de esta instalaci\u00f3n es de unos 26.196,92 kWh.<\/p><p>La potencia pico de generaci\u00f3n es de 25,76 kWp.<\/p>\t\t\t\t\t\t<\/div>\n\t\t\t\t<\/div>\n\t\t\t\t\t<\/div>\n\t\t<\/div>\n\t\t\t\t<div class=\"elementor-column elementor-col-50 elementor-top-column elementor-element elementor-element-d66790f\" data-id=\"d66790f\" data-element_type=\"column\">\n\t\t\t<div class=\"elementor-widget-wrap elementor-element-populated\">\n\t\t\t\t\t\t<div class=\"elementor-element elementor-element-fc8203b elementor-widget elementor-widget-image_quote\" data-id=\"fc8203b\" data-element_type=\"widget\" data-widget_type=\"image_quote.default\">\n\t\t\t\t<div class=\"elementor-widget-container\">\n\t\t\t        <div class=\"about-img abimg-sty1\" data-scrollax-parent=\"true\">\n            <img fetchpriority=\"high\" decoding=\"async\" width=\"837\" height=\"371\" src=\"https:\/\/www.jlmardaras.es\/wp-content\/uploads\/2024\/10\/instalacion-fotovoltaica.png\" class=\"respimg\" alt=\"instalacion fotovoltaica\" srcset=\"https:\/\/www.jlmardaras.es\/wp-content\/uploads\/2024\/10\/instalacion-fotovoltaica.png 837w, https:\/\/www.jlmardaras.es\/wp-content\/uploads\/2024\/10\/instalacion-fotovoltaica-300x133.png 300w, https:\/\/www.jlmardaras.es\/wp-content\/uploads\/2024\/10\/instalacion-fotovoltaica-768x340.png 768w, https:\/\/www.jlmardaras.es\/wp-content\/uploads\/2024\/10\/instalacion-fotovoltaica-18x8.png 18w, https:\/\/www.jlmardaras.es\/wp-content\/uploads\/2024\/10\/instalacion-fotovoltaica-830x368.png 830w, https:\/\/www.jlmardaras.es\/wp-content\/uploads\/2024\/10\/instalacion-fotovoltaica-303x134.png 303w, https:\/\/www.jlmardaras.es\/wp-content\/uploads\/2024\/10\/instalacion-fotovoltaica-606x269.png 606w, https:\/\/www.jlmardaras.es\/wp-content\/uploads\/2024\/10\/instalacion-fotovoltaica-530x235.png 530w, https:\/\/www.jlmardaras.es\/wp-content\/uploads\/2024\/10\/instalacion-fotovoltaica-450x199.png 450w, https:\/\/www.jlmardaras.es\/wp-content\/uploads\/2024\/10\/instalacion-fotovoltaica-500x222.png 500w, https:\/\/www.jlmardaras.es\/wp-content\/uploads\/2024\/10\/instalacion-fotovoltaica-150x66.png 150w\" sizes=\"(max-width: 837px) 100vw, 837px\" \/>                                        <div class=\"about-img-title\" data-scrollax=\"properties: { translateY: '100px' }\">Instalaci\u00f3n fotovoltaica<\/div>\n                        \n        <\/div>\n        \t\t<\/div>\n\t\t\t\t<\/div>\n\t\t\t\t\t<\/div>\n\t\t<\/div>\n\t\t\t\t\t<\/div>\n\t\t<\/section>\n\t\t\t\t<section class=\"elementor-section elementor-top-section elementor-element elementor-element-b4934c6 elementor-section-boxed elementor-section-height-default elementor-section-height-default\" data-id=\"b4934c6\" data-element_type=\"section\">\n\t\t\t\t\t\t<div class=\"elementor-container elementor-column-gap-default\">\n\t\t\t\t\t<div class=\"elementor-column elementor-col-100 elementor-top-column elementor-element elementor-element-ae81b79\" data-id=\"ae81b79\" data-element_type=\"column\">\n\t\t\t<div class=\"elementor-widget-wrap elementor-element-populated\">\n\t\t\t\t\t\t<div class=\"elementor-element elementor-element-a0e6533 elementor-widget elementor-widget-image\" data-id=\"a0e6533\" data-element_type=\"widget\" data-widget_type=\"image.default\">\n\t\t\t\t<div class=\"elementor-widget-container\">\n\t\t\t\t\t\t\t\t\t\t<figure class=\"wp-caption\">\n\t\t\t\t\t\t\t\t\t\t<img decoding=\"async\" width=\"760\" height=\"265\" src=\"https:\/\/www.jlmardaras.es\/wp-content\/uploads\/2024\/10\/instalacion-fotovoltaica-2.png\" class=\"attachment-large size-large wp-image-10653\" alt=\"\" srcset=\"https:\/\/www.jlmardaras.es\/wp-content\/uploads\/2024\/10\/instalacion-fotovoltaica-2.png 830w, https:\/\/www.jlmardaras.es\/wp-content\/uploads\/2024\/10\/instalacion-fotovoltaica-2-300x104.png 300w, https:\/\/www.jlmardaras.es\/wp-content\/uploads\/2024\/10\/instalacion-fotovoltaica-2-768x267.png 768w, https:\/\/www.jlmardaras.es\/wp-content\/uploads\/2024\/10\/instalacion-fotovoltaica-2-18x6.png 18w, https:\/\/www.jlmardaras.es\/wp-content\/uploads\/2024\/10\/instalacion-fotovoltaica-2-303x106.png 303w, https:\/\/www.jlmardaras.es\/wp-content\/uploads\/2024\/10\/instalacion-fotovoltaica-2-606x211.png 606w, https:\/\/www.jlmardaras.es\/wp-content\/uploads\/2024\/10\/instalacion-fotovoltaica-2-530x185.png 530w, https:\/\/www.jlmardaras.es\/wp-content\/uploads\/2024\/10\/instalacion-fotovoltaica-2-450x157.png 450w, https:\/\/www.jlmardaras.es\/wp-content\/uploads\/2024\/10\/instalacion-fotovoltaica-2-500x174.png 500w, https:\/\/www.jlmardaras.es\/wp-content\/uploads\/2024\/10\/instalacion-fotovoltaica-2-150x52.png 150w\" sizes=\"(max-width: 760px) 100vw, 760px\" \/>\t\t\t\t\t\t\t\t\t\t\t<figcaption class=\"widget-image-caption wp-caption-text\">Instalaci\u00f3n en la cubierta de JOS\u00c9 LUIS MARDARAS E HIJOS, S.L. Cacicedo de Camargo.<\/figcaption>\n\t\t\t\t\t\t\t\t\t\t<\/figure>\n\t\t\t\t\t\t\t<\/div>\n\t\t\t\t<\/div>\n\t\t\t\t\t<\/div>\n\t\t<\/div>\n\t\t\t\t\t<\/div>\n\t\t<\/section>\n\t\t\t\t<section class=\"elementor-section elementor-top-section elementor-element elementor-element-17ca272 elementor-section-boxed elementor-section-height-default elementor-section-height-default\" data-id=\"17ca272\" data-element_type=\"section\">\n\t\t\t\t\t\t<div class=\"elementor-container elementor-column-gap-default\">\n\t\t\t\t\t<div class=\"elementor-column elementor-col-100 elementor-top-column elementor-element elementor-element-0fdb7c6\" data-id=\"0fdb7c6\" data-element_type=\"column\">\n\t\t\t<div class=\"elementor-widget-wrap elementor-element-populated\">\n\t\t\t\t\t\t<div class=\"elementor-element elementor-element-fbd4adc elementor-widget elementor-widget-section_title\" data-id=\"fbd4adc\" data-element_type=\"widget\" data-widget_type=\"section_title.default\">\n\t\t\t\t<div class=\"elementor-widget-container\">\n\t\t\t        <div class=\"section-title st-left st-st1\">\n        <h4 class=\"sec-subtitle\"><span>GRUPO MARDARAS<\/span><\/h4>            <h2 class=\"sec-title\"><span>3.\tAYUDA PARA SU EJECUCI\u00d3N<\/span><\/h2>                            <div class=\"st-text st-desc\">\n                Este proyecto est\u00e1 acogido al programa de incentivos ligados al autoconsumo y almacenamiento, con fuentes de energ\u00eda renovable, as\u00ed como a la implantaci\u00f3n de sistemas t\u00e9rmicos renovables en el sector residencial en el marco del Plan de Recuperaci\u00f3n, Transformaci\u00f3n y Resiliencia, financiado por la Uni\u00f3n Europea \u2013 NextGenerationEU.\nLa cuant\u00eda de la ayuda concedida es de 7.032,48 \u20ac, con una inversi\u00f3n total de 21.500,24 \u20ac.\n                <\/div>\n                    <\/div>\n        \t\t<\/div>\n\t\t\t\t<\/div>\n\t\t\t\t<div class=\"elementor-element elementor-element-7596ab0 elementor-widget elementor-widget-text-editor\" data-id=\"7596ab0\" data-element_type=\"widget\" data-widget_type=\"text-editor.default\">\n\t\t\t\t<div class=\"elementor-widget-container\">\n\t\t\t\t\t\t\t<p>JOSE LUIS MARDARAS E HIJOS, S.L. ha realizado una instalaci\u00f3n fotovoltaica de autoconsumo para abastecer de energ\u00eda el\u00e9ctrica sus instalaciones situadas en Cacicedo de Camargo.<\/p><p>Dicha generaci\u00f3n de energ\u00eda alimenta los cuadros el\u00e9ctricos, que a su vez abastecen de energ\u00eda el\u00e9ctrica a los sistemas de iluminaci\u00f3n, climatizaci\u00f3n, equipos inform\u00e1ticos y herramientas y equipos el\u00e9ctricos de la zona de garaje-taller.<\/p><p>La instalaci\u00f3n fotovoltaica encaja perfectamente con la demanda del edificio, puesto que el horario de utilizaci\u00f3n discurre entre las 8:00 y las 19:00, que coincide con el horario de generaci\u00f3n solar. Adem\u00e1s, durante la \u00e9poca de primavera-verano aumenta la demanda de climatizaci\u00f3n, lo que permite que se aproveche la mayor producci\u00f3n solar de esta \u00e9poca.<\/p>\t\t\t\t\t\t<\/div>\n\t\t\t\t<\/div>\n\t\t\t\t\t<\/div>\n\t\t<\/div>\n\t\t\t\t\t<\/div>\n\t\t<\/section>\n\t\t\t\t<section class=\"elementor-section elementor-top-section elementor-element elementor-element-d14210b elementor-section-boxed elementor-section-height-default elementor-section-height-default\" data-id=\"d14210b\" data-element_type=\"section\">\n\t\t\t\t\t\t<div class=\"elementor-container elementor-column-gap-default\">\n\t\t\t\t\t<div class=\"elementor-column elementor-col-100 elementor-top-column elementor-element elementor-element-d0dd02e\" data-id=\"d0dd02e\" data-element_type=\"column\">\n\t\t\t<div class=\"elementor-widget-wrap elementor-element-populated\">\n\t\t\t\t\t\t<div class=\"elementor-element elementor-element-0a968b5 elementor-widget elementor-widget-image\" data-id=\"0a968b5\" data-element_type=\"widget\" data-widget_type=\"image.default\">\n\t\t\t\t<div class=\"elementor-widget-container\">\n\t\t\t\t\t\t\t\t\t\t\t\t\t<img decoding=\"async\" width=\"760\" height=\"529\" src=\"https:\/\/www.jlmardaras.es\/wp-content\/uploads\/2024\/10\/ayuda-ejecucion-instalacion-fotovoltaica-768x535.png\" class=\"attachment-medium_large size-medium_large wp-image-10654\" alt=\"ayuda ejecucion instalacion fotovoltaica\" srcset=\"https:\/\/www.jlmardaras.es\/wp-content\/uploads\/2024\/10\/ayuda-ejecucion-instalacion-fotovoltaica-768x535.png 768w, https:\/\/www.jlmardaras.es\/wp-content\/uploads\/2024\/10\/ayuda-ejecucion-instalacion-fotovoltaica-300x209.png 300w, https:\/\/www.jlmardaras.es\/wp-content\/uploads\/2024\/10\/ayuda-ejecucion-instalacion-fotovoltaica-1024x713.png 1024w, https:\/\/www.jlmardaras.es\/wp-content\/uploads\/2024\/10\/ayuda-ejecucion-instalacion-fotovoltaica-18x12.png 18w, https:\/\/www.jlmardaras.es\/wp-content\/uploads\/2024\/10\/ayuda-ejecucion-instalacion-fotovoltaica-787x548.png 787w, https:\/\/www.jlmardaras.es\/wp-content\/uploads\/2024\/10\/ayuda-ejecucion-instalacion-fotovoltaica-289x201.png 289w, https:\/\/www.jlmardaras.es\/wp-content\/uploads\/2024\/10\/ayuda-ejecucion-instalacion-fotovoltaica-577x402.png 577w, https:\/\/www.jlmardaras.es\/wp-content\/uploads\/2024\/10\/ayuda-ejecucion-instalacion-fotovoltaica-503x350.png 503w, https:\/\/www.jlmardaras.es\/wp-content\/uploads\/2024\/10\/ayuda-ejecucion-instalacion-fotovoltaica-450x313.png 450w, https:\/\/www.jlmardaras.es\/wp-content\/uploads\/2024\/10\/ayuda-ejecucion-instalacion-fotovoltaica-409x285.png 409w, https:\/\/www.jlmardaras.es\/wp-content\/uploads\/2024\/10\/ayuda-ejecucion-instalacion-fotovoltaica-144x100.png 144w, https:\/\/www.jlmardaras.es\/wp-content\/uploads\/2024\/10\/ayuda-ejecucion-instalacion-fotovoltaica.png 1051w\" sizes=\"(max-width: 760px) 100vw, 760px\" \/>\t\t\t\t\t\t\t\t\t\t\t\t\t<\/div>\n\t\t\t\t<\/div>\n\t\t\t\t\t<\/div>\n\t\t<\/div>\n\t\t\t\t\t<\/div>\n\t\t<\/section>\n\t\t\t\t<\/div>","protected":false},"excerpt":{"rendered":"GRUPO MARDARAS 1. DESCRIPCI\u00d3N PREVIA JOSE LUIS MARDARAS E HIJOS, S.L. ha realizado una instalaci\u00f3n fotovoltaica de autoconsumo para abastecer de energ\u00eda el\u00e9ctrica sus instalaciones situadas en Cacicedo de Camargo. Dicha generaci\u00f3n de energ\u00eda alimenta los cuadros el\u00e9ctricos, que a su vez abastecen de energ\u00eda el\u00e9ctrica a los sistemas de iluminaci\u00f3n, climatizaci\u00f3n, equipos inform\u00e1ticos y herramientas y equipos el\u00e9ctricos de la zona de garaje-taller. La instalaci\u00f3n fotovoltaica encaja perfectamente con la demanda del edificio, puesto que el horario de utilizaci\u00f3n discurre entre las 8:00 y las 19:00, que coincide con el horario de generaci\u00f3n solar. Adem\u00e1s, durante la \u00e9poca de primavera-verano aumenta la demanda de climatizaci\u00f3n, lo que permite que se aproveche la mayor producci\u00f3n solar de esta \u00e9poca. GRUPO MARDARAS 2. INSTALACI\u00d3N FOTOVOLTAICA Se compone de: \u00b7 56 m\u00f3dulos fotovoltaicos de \u00b7 460 Wp repartidos en 2 grupos de 15 m\u00f3dulos cada uno y otros 2 grupos de 18 [&hellip;]","protected":false},"author":1,"featured_media":0,"parent":0,"menu_order":0,"comment_status":"closed","ping_status":"closed","template":"page-full.php","meta":{"footnotes":""},"class_list":["post-10650","page","type-page","status-publish","hentry"],"yoast_head":"<!-- This site is optimized with the Yoast SEO plugin v19.13 - https:\/\/yoast.com\/wordpress\/plugins\/seo\/ -->\n<title>Instalaci\u00f3n Fotovoltaica - Grupo MARDARAS<\/title>\n<meta name=\"robots\" content=\"index, follow, max-snippet:-1, max-image-preview:large, max-video-preview:-1\" \/>\n<link rel=\"canonical\" href=\"https:\/\/www.jlmardaras.es\/en\/instalacion-fotovoltaica\/\" \/>\n<meta property=\"og:locale\" content=\"en_GB\" \/>\n<meta property=\"og:type\" content=\"article\" \/>\n<meta property=\"og:title\" content=\"Instalaci\u00f3n Fotovoltaica - Grupo MARDARAS\" \/>\n<meta property=\"og:description\" content=\"GRUPO MARDARAS 1. DESCRIPCI\u00d3N PREVIA JOSE LUIS MARDARAS E HIJOS, S.L. ha realizado una instalaci\u00f3n fotovoltaica de autoconsumo para abastecer de energ\u00eda el\u00e9ctrica sus instalaciones situadas en Cacicedo de Camargo. Dicha generaci\u00f3n de energ\u00eda alimenta los cuadros el\u00e9ctricos, que a su vez abastecen de energ\u00eda el\u00e9ctrica a los sistemas de iluminaci\u00f3n, climatizaci\u00f3n, equipos inform\u00e1ticos y herramientas y equipos el\u00e9ctricos de la zona de garaje-taller. La instalaci\u00f3n fotovoltaica encaja perfectamente con la demanda del edificio, puesto que el horario de utilizaci\u00f3n discurre entre las 8:00 y las 19:00, que coincide con el horario de generaci\u00f3n solar. Adem\u00e1s, durante la \u00e9poca de primavera-verano aumenta la demanda de climatizaci\u00f3n, lo que permite que se aproveche la mayor producci\u00f3n solar de esta \u00e9poca. GRUPO MARDARAS 2. INSTALACI\u00d3N FOTOVOLTAICA Se compone de: \u00b7 56 m\u00f3dulos fotovoltaicos de \u00b7 460 Wp repartidos en 2 grupos de 15 m\u00f3dulos cada uno y otros 2 grupos de 18 [&hellip;]\" \/>\n<meta property=\"og:url\" content=\"https:\/\/www.jlmardaras.es\/en\/instalacion-fotovoltaica\/\" \/>\n<meta property=\"og:site_name\" content=\"Grupo MARDARAS\" \/>\n<meta property=\"article:modified_time\" content=\"2024-10-25T08:38:51+00:00\" \/>\n<meta property=\"og:image\" content=\"https:\/\/www.jlmardaras.es\/wp-content\/uploads\/2024\/10\/instalacion-fotovoltaica.png\" \/>\n<meta name=\"twitter:card\" content=\"summary_large_image\" \/>\n<meta name=\"twitter:label1\" content=\"Estimated reading time\" \/>\n\t<meta name=\"twitter:data1\" content=\"3 minutes\" \/>\n<script type=\"application\/ld+json\" class=\"yoast-schema-graph\">{\"@context\":\"https:\/\/schema.org\",\"@graph\":[{\"@type\":\"WebPage\",\"@id\":\"https:\/\/www.jlmardaras.es\/instalacion-fotovoltaica\/\",\"url\":\"https:\/\/www.jlmardaras.es\/instalacion-fotovoltaica\/\",\"name\":\"Instalaci\u00f3n Fotovoltaica - Grupo MARDARAS\",\"isPartOf\":{\"@id\":\"https:\/\/www.jlmardaras.es\/#website\"},\"datePublished\":\"2024-10-25T08:20:28+00:00\",\"dateModified\":\"2024-10-25T08:38:51+00:00\",\"breadcrumb\":{\"@id\":\"https:\/\/www.jlmardaras.es\/instalacion-fotovoltaica\/#breadcrumb\"},\"inLanguage\":\"en-GB\",\"potentialAction\":[{\"@type\":\"ReadAction\",\"target\":[\"https:\/\/www.jlmardaras.es\/instalacion-fotovoltaica\/\"]}]},{\"@type\":\"BreadcrumbList\",\"@id\":\"https:\/\/www.jlmardaras.es\/instalacion-fotovoltaica\/#breadcrumb\",\"itemListElement\":[{\"@type\":\"ListItem\",\"position\":1,\"name\":\"Portada\",\"item\":\"https:\/\/www.jlmardaras.es\/\"},{\"@type\":\"ListItem\",\"position\":2,\"name\":\"Instalaci\u00f3n Fotovoltaica\"}]},{\"@type\":\"WebSite\",\"@id\":\"https:\/\/www.jlmardaras.es\/#website\",\"url\":\"https:\/\/www.jlmardaras.es\/\",\"name\":\"Grupo MARDARAS\",\"description\":\"Transportes y Gruas\",\"publisher\":{\"@id\":\"https:\/\/www.jlmardaras.es\/#organization\"},\"potentialAction\":[{\"@type\":\"SearchAction\",\"target\":{\"@type\":\"EntryPoint\",\"urlTemplate\":\"https:\/\/www.jlmardaras.es\/?s={search_term_string}\"},\"query-input\":\"required name=search_term_string\"}],\"inLanguage\":\"en-GB\"},{\"@type\":\"Organization\",\"@id\":\"https:\/\/www.jlmardaras.es\/#organization\",\"name\":\"Grupo MARDARAS\",\"url\":\"https:\/\/www.jlmardaras.es\/\",\"logo\":{\"@type\":\"ImageObject\",\"inLanguage\":\"en-GB\",\"@id\":\"https:\/\/www.jlmardaras.es\/#\/schema\/logo\/image\/\",\"url\":\"https:\/\/www.jlmardaras.es\/wp-content\/uploads\/2022\/12\/cropped-logo-mardaras-izq.jpeg\",\"contentUrl\":\"https:\/\/www.jlmardaras.es\/wp-content\/uploads\/2022\/12\/cropped-logo-mardaras-izq.jpeg\",\"width\":320,\"height\":108,\"caption\":\"Grupo MARDARAS\"},\"image\":{\"@id\":\"https:\/\/www.jlmardaras.es\/#\/schema\/logo\/image\/\"}}]}<\/script>\n<!-- \/ Yoast SEO plugin. -->","yoast_head_json":{"title":"Instalaci\u00f3n Fotovoltaica - Grupo MARDARAS","robots":{"index":"index","follow":"follow","max-snippet":"max-snippet:-1","max-image-preview":"max-image-preview:large","max-video-preview":"max-video-preview:-1"},"canonical":"https:\/\/www.jlmardaras.es\/en\/instalacion-fotovoltaica\/","og_locale":"en_GB","og_type":"article","og_title":"Instalaci\u00f3n Fotovoltaica - Grupo MARDARAS","og_description":"GRUPO MARDARAS 1. DESCRIPCI\u00d3N PREVIA JOSE LUIS MARDARAS E HIJOS, S.L. ha realizado una instalaci\u00f3n fotovoltaica de autoconsumo para abastecer de energ\u00eda el\u00e9ctrica sus instalaciones situadas en Cacicedo de Camargo. Dicha generaci\u00f3n de energ\u00eda alimenta los cuadros el\u00e9ctricos, que a su vez abastecen de energ\u00eda el\u00e9ctrica a los sistemas de iluminaci\u00f3n, climatizaci\u00f3n, equipos inform\u00e1ticos y herramientas y equipos el\u00e9ctricos de la zona de garaje-taller. La instalaci\u00f3n fotovoltaica encaja perfectamente con la demanda del edificio, puesto que el horario de utilizaci\u00f3n discurre entre las 8:00 y las 19:00, que coincide con el horario de generaci\u00f3n solar. Adem\u00e1s, durante la \u00e9poca de primavera-verano aumenta la demanda de climatizaci\u00f3n, lo que permite que se aproveche la mayor producci\u00f3n solar de esta \u00e9poca. GRUPO MARDARAS 2. INSTALACI\u00d3N FOTOVOLTAICA Se compone de: \u00b7 56 m\u00f3dulos fotovoltaicos de \u00b7 460 Wp repartidos en 2 grupos de 15 m\u00f3dulos cada uno y otros 2 grupos de 18 [&hellip;]","og_url":"https:\/\/www.jlmardaras.es\/en\/instalacion-fotovoltaica\/","og_site_name":"Grupo MARDARAS","article_modified_time":"2024-10-25T08:38:51+00:00","og_image":[{"url":"https:\/\/www.jlmardaras.es\/wp-content\/uploads\/2024\/10\/instalacion-fotovoltaica.png"}],"twitter_card":"summary_large_image","twitter_misc":{"Estimated reading time":"3 minutes"},"schema":{"@context":"https:\/\/schema.org","@graph":[{"@type":"WebPage","@id":"https:\/\/www.jlmardaras.es\/instalacion-fotovoltaica\/","url":"https:\/\/www.jlmardaras.es\/instalacion-fotovoltaica\/","name":"Instalaci\u00f3n Fotovoltaica - Grupo MARDARAS","isPartOf":{"@id":"https:\/\/www.jlmardaras.es\/#website"},"datePublished":"2024-10-25T08:20:28+00:00","dateModified":"2024-10-25T08:38:51+00:00","breadcrumb":{"@id":"https:\/\/www.jlmardaras.es\/instalacion-fotovoltaica\/#breadcrumb"},"inLanguage":"en-GB","potentialAction":[{"@type":"ReadAction","target":["https:\/\/www.jlmardaras.es\/instalacion-fotovoltaica\/"]}]},{"@type":"BreadcrumbList","@id":"https:\/\/www.jlmardaras.es\/instalacion-fotovoltaica\/#breadcrumb","itemListElement":[{"@type":"ListItem","position":1,"name":"Portada","item":"https:\/\/www.jlmardaras.es\/"},{"@type":"ListItem","position":2,"name":"Instalaci\u00f3n Fotovoltaica"}]},{"@type":"WebSite","@id":"https:\/\/www.jlmardaras.es\/#website","url":"https:\/\/www.jlmardaras.es\/","name":"Grupo MARDARAS","description":"Transportes y Gruas","publisher":{"@id":"https:\/\/www.jlmardaras.es\/#organization"},"potentialAction":[{"@type":"SearchAction","target":{"@type":"EntryPoint","urlTemplate":"https:\/\/www.jlmardaras.es\/?s={search_term_string}"},"query-input":"required name=search_term_string"}],"inLanguage":"en-GB"},{"@type":"Organization","@id":"https:\/\/www.jlmardaras.es\/#organization","name":"Grupo MARDARAS","url":"https:\/\/www.jlmardaras.es\/","logo":{"@type":"ImageObject","inLanguage":"en-GB","@id":"https:\/\/www.jlmardaras.es\/#\/schema\/logo\/image\/","url":"https:\/\/www.jlmardaras.es\/wp-content\/uploads\/2022\/12\/cropped-logo-mardaras-izq.jpeg","contentUrl":"https:\/\/www.jlmardaras.es\/wp-content\/uploads\/2022\/12\/cropped-logo-mardaras-izq.jpeg","width":320,"height":108,"caption":"Grupo MARDARAS"},"image":{"@id":"https:\/\/www.jlmardaras.es\/#\/schema\/logo\/image\/"}}]}},"_links":{"self":[{"href":"https:\/\/www.jlmardaras.es\/en\/wp-json\/wp\/v2\/pages\/10650","targetHints":{"allow":["GET"]}}],"collection":[{"href":"https:\/\/www.jlmardaras.es\/en\/wp-json\/wp\/v2\/pages"}],"about":[{"href":"https:\/\/www.jlmardaras.es\/en\/wp-json\/wp\/v2\/types\/page"}],"author":[{"embeddable":true,"href":"https:\/\/www.jlmardaras.es\/en\/wp-json\/wp\/v2\/users\/1"}],"replies":[{"embeddable":true,"href":"https:\/\/www.jlmardaras.es\/en\/wp-json\/wp\/v2\/comments?post=10650"}],"version-history":[{"count":18,"href":"https:\/\/www.jlmardaras.es\/en\/wp-json\/wp\/v2\/pages\/10650\/revisions"}],"predecessor-version":[{"id":10676,"href":"https:\/\/www.jlmardaras.es\/en\/wp-json\/wp\/v2\/pages\/10650\/revisions\/10676"}],"wp:attachment":[{"href":"https:\/\/www.jlmardaras.es\/en\/wp-json\/wp\/v2\/media?parent=10650"}],"curies":[{"name":"wp","href":"https:\/\/api.w.org\/{rel}","templated":true}]}}