{"id":3,"date":"2022-10-26T12:39:43","date_gmt":"2022-10-26T12:39:43","guid":{"rendered":"https:\/\/www.jlmardaras.es\/?page_id=3"},"modified":"2023-01-24T10:41:50","modified_gmt":"2023-01-24T10:41:50","slug":"politica-de-privacidad","status":"publish","type":"page","link":"https:\/\/www.jlmardaras.es\/en\/politica-de-privacidad\/","title":{"rendered":"Pol\u00edtica de privacidad"},"content":{"rendered":"<div data-elementor-type=\"wp-page\" data-elementor-id=\"3\" class=\"elementor elementor-3\">\n\t\t\t\t\t\t<section class=\"elementor-section elementor-top-section elementor-element elementor-element-1cdb1b66 elementor-section-boxed elementor-section-height-default elementor-section-height-default\" data-id=\"1cdb1b66\" data-element_type=\"section\">\n\t\t\t\t\t\t<div class=\"elementor-container elementor-column-gap-default\">\n\t\t\t\t\t<div class=\"elementor-column elementor-col-100 elementor-top-column elementor-element elementor-element-218bc894\" data-id=\"218bc894\" data-element_type=\"column\">\n\t\t\t<div class=\"elementor-widget-wrap elementor-element-populated\">\n\t\t\t\t\t\t<div class=\"elementor-element elementor-element-6e016344 elementor-widget elementor-widget-text-editor\" data-id=\"6e016344\" data-element_type=\"widget\" data-widget_type=\"text-editor.default\">\n\t\t\t\t<div class=\"elementor-widget-container\">\n\t\t\t\t\t\t\t<p>En cumplimiento de lo establecido en la RGPD, le informamos que sus datos ser\u00e1n tratados en nuestros ficheros, con la finalidad del mantenimiento y cumplimiento de la relaci\u00f3n con nuestra entidad, incluyendo el env\u00edo de comunicaciones en el marco de la citada relaci\u00f3n.<\/p>\n<p>As\u00ed mismo, sus datos ser\u00e1n cedidos en todos aquellos casos en que sea necesario para el desarrollo, cumplimiento y control de la relaci\u00f3n con nuestra entidad o en los supuestos en que lo autorice una norma con rango de ley. En cumplimiento de la RGPD puede ejercitar sus derechos ARCO ante\u00a0<strong>GRUPO MARDARAS (JOS\u00c9 LUIS MARDARAS E HIJOS, S.L.)<\/strong>, con direcci\u00f3n en\u00a0<strong>B\u00ba EL MES\u00d3N, 17, 39730 \u2013 BERANGA<\/strong>, adjuntando fotocopia de su DNI.<\/p>\n<p>El contenido de esta comunicaci\u00f3n, as\u00ed como el de toda la documentaci\u00f3n anexa, est\u00e1 sujeta al deber de secreto y va dirigida \u00fanicamente a su destinatario. En el supuesto de que usted no fuera el destinatario, le solicitamos que nos lo indique y no comunique su contenido a terceros, procediendo a su destrucci\u00f3n.<\/p>\n<p>El prestador de servicios de la sociedad de la informaci\u00f3n deber\u00e1 tener en cuenta que, adem\u00e1s de la informaci\u00f3n que facilite a los destinatarios del servicio a trav\u00e9s de su \u201cPol\u00edtica de Privacidad\u201d, deber\u00e1 disponer de textos legales adicionales relativos a otras normativas de obligado cumplimiento, tales como, sin car\u00e1cter limitativo o excluyente, condiciones generales de la contrataci\u00f3n, propiedad intelectual e industrial, condiciones de utilizaci\u00f3n de la p\u00e1gina web y responsabilidades al respecto, o lo que la propia Ley 34\/2002, de 11 de julio, de Servicios de la Sociedad de la Informaci\u00f3n y de Comercio Electr\u00f3nico pueda establecer en cualesquiera otros preceptos al margen de su art\u00edculo 10 o incluso completar la informaci\u00f3n que, en relaci\u00f3n a \u00e9ste, fuese necesaria.<\/p>\t\t\t\t\t\t<\/div>\n\t\t\t\t<\/div>\n\t\t\t\t\t<\/div>\n\t\t<\/div>\n\t\t\t\t\t<\/div>\n\t\t<\/section>\n\t\t\t\t<\/div>","protected":false},"excerpt":{"rendered":"En cumplimiento de lo establecido en la RGPD, le informamos que sus datos ser\u00e1n tratados en nuestros ficheros, con la finalidad del mantenimiento y cumplimiento de la relaci\u00f3n con nuestra entidad, incluyendo el env\u00edo de comunicaciones en el marco de la citada relaci\u00f3n. As\u00ed mismo, sus datos ser\u00e1n cedidos en todos aquellos casos en que sea necesario para el desarrollo, cumplimiento y control de la relaci\u00f3n con nuestra entidad o en los supuestos en que lo autorice una norma con rango de ley. En cumplimiento de la RGPD puede ejercitar sus derechos ARCO ante&nbsp;GRUPO MARDARAS (JOS\u00c9 LUIS MARDARAS E HIJOS, S.L.), con direcci\u00f3n en&nbsp;B\u00ba EL MES\u00d3N, 17, 39730 \u2013 BERANGA, adjuntando fotocopia de su DNI. El contenido de esta comunicaci\u00f3n, as\u00ed como el de toda la documentaci\u00f3n anexa, est\u00e1 sujeta al deber de secreto y va dirigida \u00fanicamente a su destinatario. En el supuesto de que usted no fuera el [&hellip;]","protected":false},"author":1,"featured_media":10001,"parent":0,"menu_order":0,"comment_status":"closed","ping_status":"closed","template":"","meta":{"footnotes":""},"class_list":["post-3","page","type-page","status-publish","has-post-thumbnail","hentry"],"yoast_head":"<!-- This site is optimized with the Yoast SEO plugin v19.13 - https:\/\/yoast.com\/wordpress\/plugins\/seo\/ -->\n<title>Pol\u00edtica de privacidad - Grupo MARDARAS<\/title>\n<meta name=\"robots\" content=\"index, follow, max-snippet:-1, max-image-preview:large, max-video-preview:-1\" \/>\n<link rel=\"canonical\" href=\"https:\/\/www.jlmardaras.es\/en\/politica-de-privacidad\/\" \/>\n<meta property=\"og:locale\" content=\"en_GB\" \/>\n<meta property=\"og:type\" content=\"article\" \/>\n<meta property=\"og:title\" content=\"Pol\u00edtica de privacidad - Grupo MARDARAS\" \/>\n<meta property=\"og:description\" content=\"En cumplimiento de lo establecido en la RGPD, le informamos que sus datos ser\u00e1n tratados en nuestros ficheros, con la finalidad del mantenimiento y cumplimiento de la relaci\u00f3n con nuestra entidad, incluyendo el env\u00edo de comunicaciones en el marco de la citada relaci\u00f3n. As\u00ed mismo, sus datos ser\u00e1n cedidos en todos aquellos casos en que sea necesario para el desarrollo, cumplimiento y control de la relaci\u00f3n con nuestra entidad o en los supuestos en que lo autorice una norma con rango de ley. En cumplimiento de la RGPD puede ejercitar sus derechos ARCO ante&nbsp;GRUPO MARDARAS (JOS\u00c9 LUIS MARDARAS E HIJOS, S.L.), con direcci\u00f3n en&nbsp;B\u00ba EL MES\u00d3N, 17, 39730 \u2013 BERANGA, adjuntando fotocopia de su DNI. El contenido de esta comunicaci\u00f3n, as\u00ed como el de toda la documentaci\u00f3n anexa, est\u00e1 sujeta al deber de secreto y va dirigida \u00fanicamente a su destinatario. En el supuesto de que usted no fuera el [&hellip;]\" \/>\n<meta property=\"og:url\" content=\"https:\/\/www.jlmardaras.es\/en\/politica-de-privacidad\/\" \/>\n<meta property=\"og:site_name\" content=\"Grupo MARDARAS\" \/>\n<meta property=\"article:modified_time\" content=\"2023-01-24T10:41:50+00:00\" \/>\n<meta property=\"og:image\" content=\"https:\/\/www.jlmardaras.es\/wp-content\/uploads\/2022\/12\/grupo-mardaras-WEB.jpg\" \/>\n\t<meta property=\"og:image:width\" content=\"2400\" \/>\n\t<meta property=\"og:image:height\" content=\"1187\" \/>\n\t<meta property=\"og:image:type\" content=\"image\/jpeg\" \/>\n<meta name=\"twitter:card\" content=\"summary_large_image\" \/>\n<meta name=\"twitter:label1\" content=\"Estimated reading time\" \/>\n\t<meta name=\"twitter:data1\" content=\"2 minutes\" \/>\n<script type=\"application\/ld+json\" class=\"yoast-schema-graph\">{\"@context\":\"https:\/\/schema.org\",\"@graph\":[{\"@type\":\"WebPage\",\"@id\":\"https:\/\/www.jlmardaras.es\/politica-de-privacidad\/\",\"url\":\"https:\/\/www.jlmardaras.es\/politica-de-privacidad\/\",\"name\":\"Pol\u00edtica de privacidad - Grupo MARDARAS\",\"isPartOf\":{\"@id\":\"https:\/\/www.jlmardaras.es\/#website\"},\"datePublished\":\"2022-10-26T12:39:43+00:00\",\"dateModified\":\"2023-01-24T10:41:50+00:00\",\"breadcrumb\":{\"@id\":\"https:\/\/www.jlmardaras.es\/politica-de-privacidad\/#breadcrumb\"},\"inLanguage\":\"en-GB\",\"potentialAction\":[{\"@type\":\"ReadAction\",\"target\":[\"https:\/\/www.jlmardaras.es\/politica-de-privacidad\/\"]}]},{\"@type\":\"BreadcrumbList\",\"@id\":\"https:\/\/www.jlmardaras.es\/politica-de-privacidad\/#breadcrumb\",\"itemListElement\":[{\"@type\":\"ListItem\",\"position\":1,\"name\":\"Portada\",\"item\":\"https:\/\/www.jlmardaras.es\/\"},{\"@type\":\"ListItem\",\"position\":2,\"name\":\"Pol\u00edtica de privacidad\"}]},{\"@type\":\"WebSite\",\"@id\":\"https:\/\/www.jlmardaras.es\/#website\",\"url\":\"https:\/\/www.jlmardaras.es\/\",\"name\":\"Grupo MARDARAS\",\"description\":\"Transportes y Gruas\",\"publisher\":{\"@id\":\"https:\/\/www.jlmardaras.es\/#organization\"},\"potentialAction\":[{\"@type\":\"SearchAction\",\"target\":{\"@type\":\"EntryPoint\",\"urlTemplate\":\"https:\/\/www.jlmardaras.es\/?s={search_term_string}\"},\"query-input\":\"required name=search_term_string\"}],\"inLanguage\":\"en-GB\"},{\"@type\":\"Organization\",\"@id\":\"https:\/\/www.jlmardaras.es\/#organization\",\"name\":\"Grupo MARDARAS\",\"url\":\"https:\/\/www.jlmardaras.es\/\",\"logo\":{\"@type\":\"ImageObject\",\"inLanguage\":\"en-GB\",\"@id\":\"https:\/\/www.jlmardaras.es\/#\/schema\/logo\/image\/\",\"url\":\"https:\/\/www.jlmardaras.es\/wp-content\/uploads\/2022\/12\/cropped-logo-mardaras-izq.jpeg\",\"contentUrl\":\"https:\/\/www.jlmardaras.es\/wp-content\/uploads\/2022\/12\/cropped-logo-mardaras-izq.jpeg\",\"width\":320,\"height\":108,\"caption\":\"Grupo MARDARAS\"},\"image\":{\"@id\":\"https:\/\/www.jlmardaras.es\/#\/schema\/logo\/image\/\"}}]}<\/script>\n<!-- \/ Yoast SEO plugin. -->","yoast_head_json":{"title":"Pol\u00edtica de privacidad - Grupo MARDARAS","robots":{"index":"index","follow":"follow","max-snippet":"max-snippet:-1","max-image-preview":"max-image-preview:large","max-video-preview":"max-video-preview:-1"},"canonical":"https:\/\/www.jlmardaras.es\/en\/politica-de-privacidad\/","og_locale":"en_GB","og_type":"article","og_title":"Pol\u00edtica de privacidad - Grupo MARDARAS","og_description":"En cumplimiento de lo establecido en la RGPD, le informamos que sus datos ser\u00e1n tratados en nuestros ficheros, con la finalidad del mantenimiento y cumplimiento de la relaci\u00f3n con nuestra entidad, incluyendo el env\u00edo de comunicaciones en el marco de la citada relaci\u00f3n. As\u00ed mismo, sus datos ser\u00e1n cedidos en todos aquellos casos en que sea necesario para el desarrollo, cumplimiento y control de la relaci\u00f3n con nuestra entidad o en los supuestos en que lo autorice una norma con rango de ley. En cumplimiento de la RGPD puede ejercitar sus derechos ARCO ante&nbsp;GRUPO MARDARAS (JOS\u00c9 LUIS MARDARAS E HIJOS, S.L.), con direcci\u00f3n en&nbsp;B\u00ba EL MES\u00d3N, 17, 39730 \u2013 BERANGA, adjuntando fotocopia de su DNI. El contenido de esta comunicaci\u00f3n, as\u00ed como el de toda la documentaci\u00f3n anexa, est\u00e1 sujeta al deber de secreto y va dirigida \u00fanicamente a su destinatario. En el supuesto de que usted no fuera el [&hellip;]","og_url":"https:\/\/www.jlmardaras.es\/en\/politica-de-privacidad\/","og_site_name":"Grupo MARDARAS","article_modified_time":"2023-01-24T10:41:50+00:00","og_image":[{"width":2400,"height":1187,"url":"https:\/\/www.jlmardaras.es\/wp-content\/uploads\/2022\/12\/grupo-mardaras-WEB.jpg","type":"image\/jpeg"}],"twitter_card":"summary_large_image","twitter_misc":{"Estimated reading time":"2 minutes"},"schema":{"@context":"https:\/\/schema.org","@graph":[{"@type":"WebPage","@id":"https:\/\/www.jlmardaras.es\/politica-de-privacidad\/","url":"https:\/\/www.jlmardaras.es\/politica-de-privacidad\/","name":"Pol\u00edtica de privacidad - Grupo MARDARAS","isPartOf":{"@id":"https:\/\/www.jlmardaras.es\/#website"},"datePublished":"2022-10-26T12:39:43+00:00","dateModified":"2023-01-24T10:41:50+00:00","breadcrumb":{"@id":"https:\/\/www.jlmardaras.es\/politica-de-privacidad\/#breadcrumb"},"inLanguage":"en-GB","potentialAction":[{"@type":"ReadAction","target":["https:\/\/www.jlmardaras.es\/politica-de-privacidad\/"]}]},{"@type":"BreadcrumbList","@id":"https:\/\/www.jlmardaras.es\/politica-de-privacidad\/#breadcrumb","itemListElement":[{"@type":"ListItem","position":1,"name":"Portada","item":"https:\/\/www.jlmardaras.es\/"},{"@type":"ListItem","position":2,"name":"Pol\u00edtica de privacidad"}]},{"@type":"WebSite","@id":"https:\/\/www.jlmardaras.es\/#website","url":"https:\/\/www.jlmardaras.es\/","name":"Grupo MARDARAS","description":"Transportes y Gruas","publisher":{"@id":"https:\/\/www.jlmardaras.es\/#organization"},"potentialAction":[{"@type":"SearchAction","target":{"@type":"EntryPoint","urlTemplate":"https:\/\/www.jlmardaras.es\/?s={search_term_string}"},"query-input":"required name=search_term_string"}],"inLanguage":"en-GB"},{"@type":"Organization","@id":"https:\/\/www.jlmardaras.es\/#organization","name":"Grupo MARDARAS","url":"https:\/\/www.jlmardaras.es\/","logo":{"@type":"ImageObject","inLanguage":"en-GB","@id":"https:\/\/www.jlmardaras.es\/#\/schema\/logo\/image\/","url":"https:\/\/www.jlmardaras.es\/wp-content\/uploads\/2022\/12\/cropped-logo-mardaras-izq.jpeg","contentUrl":"https:\/\/www.jlmardaras.es\/wp-content\/uploads\/2022\/12\/cropped-logo-mardaras-izq.jpeg","width":320,"height":108,"caption":"Grupo MARDARAS"},"image":{"@id":"https:\/\/www.jlmardaras.es\/#\/schema\/logo\/image\/"}}]}},"_links":{"self":[{"href":"https:\/\/www.jlmardaras.es\/en\/wp-json\/wp\/v2\/pages\/3","targetHints":{"allow":["GET"]}}],"collection":[{"href":"https:\/\/www.jlmardaras.es\/en\/wp-json\/wp\/v2\/pages"}],"about":[{"href":"https:\/\/www.jlmardaras.es\/en\/wp-json\/wp\/v2\/types\/page"}],"author":[{"embeddable":true,"href":"https:\/\/www.jlmardaras.es\/en\/wp-json\/wp\/v2\/users\/1"}],"replies":[{"embeddable":true,"href":"https:\/\/www.jlmardaras.es\/en\/wp-json\/wp\/v2\/comments?post=3"}],"version-history":[{"count":5,"href":"https:\/\/www.jlmardaras.es\/en\/wp-json\/wp\/v2\/pages\/3\/revisions"}],"predecessor-version":[{"id":10574,"href":"https:\/\/www.jlmardaras.es\/en\/wp-json\/wp\/v2\/pages\/3\/revisions\/10574"}],"wp:featuredmedia":[{"embeddable":true,"href":"https:\/\/www.jlmardaras.es\/en\/wp-json\/wp\/v2\/media\/10001"}],"wp:attachment":[{"href":"https:\/\/www.jlmardaras.es\/en\/wp-json\/wp\/v2\/media?parent=3"}],"curies":[{"name":"wp","href":"https:\/\/api.w.org\/{rel}","templated":true}]}}