{"id":8459,"date":"2016-10-06T03:56:06","date_gmt":"2016-10-06T03:56:06","guid":{"rendered":"http:\/\/demowp.cththemes.net\/diopter\/?page_id=294"},"modified":"2022-12-31T13:24:05","modified_gmt":"2022-12-31T13:24:05","slug":"contacto","status":"publish","type":"page","link":"https:\/\/www.jlmardaras.es\/en\/contacto\/","title":{"rendered":"Contacto"},"content":{"rendered":"<div data-elementor-type=\"wp-post\" data-elementor-id=\"8459\" class=\"elementor elementor-8459\">\n\t\t\t\t\t\t<section class=\"elementor-section elementor-top-section elementor-element elementor-element-627c199 gray-bg has-hex pt-50 elementor-section-boxed elementor-section-height-default elementor-section-height-default\" data-id=\"627c199\" data-element_type=\"section\">\n\t\t\t\t\t\t<div class=\"elementor-container elementor-column-gap-default\">\n\t\t\t\t\t<div class=\"elementor-column elementor-col-33 elementor-top-column elementor-element elementor-element-1d4099f\" data-id=\"1d4099f\" data-element_type=\"column\">\n\t\t\t<div class=\"elementor-widget-wrap elementor-element-populated\">\n\t\t\t\t\t\t<div class=\"elementor-element elementor-element-5fc80c1 elementor-widget elementor-widget-feature_box\" data-id=\"5fc80c1\" data-element_type=\"widget\" data-widget_type=\"feature_box.default\">\n\t\t\t\t<div class=\"elementor-widget-container\">\n\t\t\t  \n        <!--services-box --> \n        <div class=\"card-item sty1\">\n            <i class=\"fal fa-envelope\"><\/i>            <span class=\"card-item_num\">01<\/span>\n            <h4 class=\"service-title\">Env\u00edanos un email<\/h4>            <div class=\"card-desc\"><p>Resuelve tus dudas o cu\u00e9ntanos c\u00f3mo\nnuestra empresa puede ayudar a la \ntuya.<\/p>\n<a href=\"mailto:jlmardaras@jlmardaras.es\" class=\"serv-link sl-b\">jlmardaras@jlmardaras.es<\/a><\/div>\n            <div class=\"clearfix\"><\/div>\n        <\/div>\n        \n        <!-- services-box end  -->      \n        \t\t<\/div>\n\t\t\t\t<\/div>\n\t\t\t\t\t<\/div>\n\t\t<\/div>\n\t\t\t\t<div class=\"elementor-column elementor-col-33 elementor-top-column elementor-element elementor-element-8f43a90\" data-id=\"8f43a90\" data-element_type=\"column\">\n\t\t\t<div class=\"elementor-widget-wrap elementor-element-populated\">\n\t\t\t\t\t\t<div class=\"elementor-element elementor-element-f06c5e1 elementor-widget elementor-widget-feature_box\" data-id=\"f06c5e1\" data-element_type=\"widget\" data-widget_type=\"feature_box.default\">\n\t\t\t\t<div class=\"elementor-widget-container\">\n\t\t\t  \n        <!--services-box --> \n        <div class=\"card-item sty1\">\n            <i class=\"fal fa-phone-rotary\"><\/i>            <span class=\"card-item_num\">02<\/span>\n            <h4 class=\"service-title\">Ll\u00e1manos<\/h4>            <div class=\"card-desc\"><p>Si lo prefieres, tambi\u00e9n nos puedes llamar\npor tel\u00e9fono de lunes a viernes entre las\n09:00 y las 17:00<\/p>\n<a href=\"tel:942635959\" class=\"serv-link sl-b\">(+34) 942 63 59 59<\/a><\/div>\n            <div class=\"clearfix\"><\/div>\n        <\/div>\n        \n        <!-- services-box end  -->      \n        \t\t<\/div>\n\t\t\t\t<\/div>\n\t\t\t\t\t<\/div>\n\t\t<\/div>\n\t\t\t\t<div class=\"elementor-column elementor-col-33 elementor-top-column elementor-element elementor-element-68855fe\" data-id=\"68855fe\" data-element_type=\"column\">\n\t\t\t<div class=\"elementor-widget-wrap elementor-element-populated\">\n\t\t\t\t\t\t<div class=\"elementor-element elementor-element-d788fa5 elementor-widget elementor-widget-feature_box\" data-id=\"d788fa5\" data-element_type=\"widget\" data-widget_type=\"feature_box.default\">\n\t\t\t\t<div class=\"elementor-widget-container\">\n\t\t\t  \n        <!--services-box --> \n        <div class=\"card-item sty1\">\n            <i class=\"fal fa-map-marked\"><\/i>            <span class=\"card-item_num\">03<\/span>\n            <h4 class=\"service-title\">Ven a conocernos<\/h4>            <div class=\"card-desc\"><p>Ac\u00e9rcate a nuestras instalaciones y\ncu\u00e9ntanos c\u00f3mo Grupo Mardaras\npuede ayudar a tu negocio.<\/p>\n<a href=\"https:\/\/goo.gl\/maps\/UDcL8pjvAcdtWHq69\" class=\"serv-link sl-b\">B\u00ba Rebollar, s\/n, Cacicedo de Camargo<\/a><\/div>\n            <div class=\"clearfix\"><\/div>\n        <\/div>\n        \n        <!-- services-box end  -->      \n        \t\t<\/div>\n\t\t\t\t<\/div>\n\t\t\t\t\t<\/div>\n\t\t<\/div>\n\t\t\t\t\t<\/div>\n\t\t<\/section>\n\t\t\t\t<section class=\"elementor-section elementor-top-section elementor-element elementor-element-5f38d8f gray-bg pad-top-30 pb-50 elementor-section-boxed elementor-section-height-default elementor-section-height-default\" data-id=\"5f38d8f\" data-element_type=\"section\">\n\t\t\t\t\t\t<div class=\"elementor-container elementor-column-gap-default\">\n\t\t\t\t\t<div class=\"elementor-column elementor-col-100 elementor-top-column elementor-element elementor-element-491631d\" data-id=\"491631d\" data-element_type=\"column\">\n\t\t\t<div class=\"elementor-widget-wrap elementor-element-populated\">\n\t\t\t\t\t\t<div class=\"elementor-element elementor-element-222b6e6 elementor-widget elementor-widget-heading\" data-id=\"222b6e6\" data-element_type=\"widget\" data-widget_type=\"heading.default\">\n\t\t\t\t<div class=\"elementor-widget-container\">\n\t\t\t<h3 class=\"elementor-heading-title elementor-size-default\">Encuentra nuestras oficinas:<\/h3>\t\t<\/div>\n\t\t\t\t<\/div>\n\t\t\t\t<div class=\"elementor-element elementor-element-ec4e34e elementor-widget elementor-widget-google_map\" data-id=\"ec4e34e\" data-element_type=\"widget\" data-widget_type=\"google_map.default\">\n\t\t\t\t<div class=\"elementor-widget-container\">\n\t\t\t        <div class=\"map-container mapC_vis\">\n            <div id=\"singleMap69edea84e4264\" class=\"singleMap singleMap-osm\" data-lat=\"43.43540984638991\" data-lng=\"-3.8769581926065286\" data-loc=\"GRUPO MARDARAS\" data-zoom=\"13\"><\/div>\n                    <\/div>\n        \t\t<\/div>\n\t\t\t\t<\/div>\n\t\t\t\t\t<\/div>\n\t\t<\/div>\n\t\t\t\t\t<\/div>\n\t\t<\/section>\n\t\t\t\t<\/div>","protected":false},"excerpt":{"rendered":"01 Env\u00edanos un email Resuelve tus dudas o cu\u00e9ntanos c\u00f3mo nuestra empresa puede ayudar a la tuya. jlmardaras@jlmardaras.es 02 Ll\u00e1manos Si lo prefieres, tambi\u00e9n nos puedes llamar por tel\u00e9fono de lunes a viernes entre las 09:00 y las 17:00 (+34) 942 63 59 59 03 Ven a conocernos Ac\u00e9rcate a nuestras instalaciones y cu\u00e9ntanos c\u00f3mo Grupo Mardaras puede ayudar a tu negocio. B\u00ba Rebollar, s\/n, Cacicedo de Camargo Encuentra nuestras oficinas:","protected":false},"author":1,"featured_media":10221,"parent":0,"menu_order":0,"comment_status":"closed","ping_status":"closed","template":"page-full.php","meta":{"footnotes":""},"class_list":["post-8459","page","type-page","status-publish","has-post-thumbnail","hentry"],"yoast_head":"<!-- This site is optimized with the Yoast SEO plugin v19.13 - https:\/\/yoast.com\/wordpress\/plugins\/seo\/ -->\n<title>Contacto - Grupo MARDARAS<\/title>\n<meta name=\"robots\" content=\"index, follow, max-snippet:-1, max-image-preview:large, max-video-preview:-1\" \/>\n<link rel=\"canonical\" href=\"https:\/\/www.jlmardaras.es\/en\/contacto\/\" \/>\n<meta property=\"og:locale\" content=\"en_GB\" \/>\n<meta property=\"og:type\" content=\"article\" \/>\n<meta property=\"og:title\" content=\"Contacto - Grupo MARDARAS\" \/>\n<meta property=\"og:description\" content=\"01 Env\u00edanos un email Resuelve tus dudas o cu\u00e9ntanos c\u00f3mo nuestra empresa puede ayudar a la tuya. jlmardaras@jlmardaras.es 02 Ll\u00e1manos Si lo prefieres, tambi\u00e9n nos puedes llamar por tel\u00e9fono de lunes a viernes entre las 09:00 y las 17:00 (+34) 942 63 59 59 03 Ven a conocernos Ac\u00e9rcate a nuestras instalaciones y cu\u00e9ntanos c\u00f3mo Grupo Mardaras puede ayudar a tu negocio. B\u00ba Rebollar, s\/n, Cacicedo de Camargo Encuentra nuestras oficinas:\" \/>\n<meta property=\"og:url\" content=\"https:\/\/www.jlmardaras.es\/en\/contacto\/\" \/>\n<meta property=\"og:site_name\" content=\"Grupo MARDARAS\" \/>\n<meta property=\"article:modified_time\" content=\"2022-12-31T13:24:05+00:00\" \/>\n<meta property=\"og:image\" content=\"https:\/\/www.jlmardaras.es\/wp-content\/uploads\/2022\/12\/mardaras-contacto.jpg\" \/>\n\t<meta property=\"og:image:width\" content=\"1920\" \/>\n\t<meta property=\"og:image:height\" content=\"866\" \/>\n\t<meta property=\"og:image:type\" content=\"image\/jpeg\" \/>\n<meta name=\"twitter:card\" content=\"summary_large_image\" \/>\n<meta name=\"twitter:label1\" content=\"Estimated reading time\" \/>\n\t<meta name=\"twitter:data1\" content=\"1 minute\" \/>\n<script type=\"application\/ld+json\" class=\"yoast-schema-graph\">{\"@context\":\"https:\/\/schema.org\",\"@graph\":[{\"@type\":\"WebPage\",\"@id\":\"https:\/\/www.jlmardaras.es\/contacto\/\",\"url\":\"https:\/\/www.jlmardaras.es\/contacto\/\",\"name\":\"Contacto - Grupo MARDARAS\",\"isPartOf\":{\"@id\":\"https:\/\/www.jlmardaras.es\/#website\"},\"datePublished\":\"2016-10-06T03:56:06+00:00\",\"dateModified\":\"2022-12-31T13:24:05+00:00\",\"breadcrumb\":{\"@id\":\"https:\/\/www.jlmardaras.es\/contacto\/#breadcrumb\"},\"inLanguage\":\"en-GB\",\"potentialAction\":[{\"@type\":\"ReadAction\",\"target\":[\"https:\/\/www.jlmardaras.es\/contacto\/\"]}]},{\"@type\":\"BreadcrumbList\",\"@id\":\"https:\/\/www.jlmardaras.es\/contacto\/#breadcrumb\",\"itemListElement\":[{\"@type\":\"ListItem\",\"position\":1,\"name\":\"Portada\",\"item\":\"https:\/\/www.jlmardaras.es\/\"},{\"@type\":\"ListItem\",\"position\":2,\"name\":\"Contacto\"}]},{\"@type\":\"WebSite\",\"@id\":\"https:\/\/www.jlmardaras.es\/#website\",\"url\":\"https:\/\/www.jlmardaras.es\/\",\"name\":\"Grupo MARDARAS\",\"description\":\"Transportes y Gruas\",\"publisher\":{\"@id\":\"https:\/\/www.jlmardaras.es\/#organization\"},\"potentialAction\":[{\"@type\":\"SearchAction\",\"target\":{\"@type\":\"EntryPoint\",\"urlTemplate\":\"https:\/\/www.jlmardaras.es\/?s={search_term_string}\"},\"query-input\":\"required name=search_term_string\"}],\"inLanguage\":\"en-GB\"},{\"@type\":\"Organization\",\"@id\":\"https:\/\/www.jlmardaras.es\/#organization\",\"name\":\"Grupo MARDARAS\",\"url\":\"https:\/\/www.jlmardaras.es\/\",\"logo\":{\"@type\":\"ImageObject\",\"inLanguage\":\"en-GB\",\"@id\":\"https:\/\/www.jlmardaras.es\/#\/schema\/logo\/image\/\",\"url\":\"https:\/\/www.jlmardaras.es\/wp-content\/uploads\/2022\/12\/cropped-logo-mardaras-izq.jpeg\",\"contentUrl\":\"https:\/\/www.jlmardaras.es\/wp-content\/uploads\/2022\/12\/cropped-logo-mardaras-izq.jpeg\",\"width\":320,\"height\":108,\"caption\":\"Grupo MARDARAS\"},\"image\":{\"@id\":\"https:\/\/www.jlmardaras.es\/#\/schema\/logo\/image\/\"}}]}<\/script>\n<!-- \/ Yoast SEO plugin. -->","yoast_head_json":{"title":"Contacto - Grupo MARDARAS","robots":{"index":"index","follow":"follow","max-snippet":"max-snippet:-1","max-image-preview":"max-image-preview:large","max-video-preview":"max-video-preview:-1"},"canonical":"https:\/\/www.jlmardaras.es\/en\/contacto\/","og_locale":"en_GB","og_type":"article","og_title":"Contacto - Grupo MARDARAS","og_description":"01 Env\u00edanos un email Resuelve tus dudas o cu\u00e9ntanos c\u00f3mo nuestra empresa puede ayudar a la tuya. jlmardaras@jlmardaras.es 02 Ll\u00e1manos Si lo prefieres, tambi\u00e9n nos puedes llamar por tel\u00e9fono de lunes a viernes entre las 09:00 y las 17:00 (+34) 942 63 59 59 03 Ven a conocernos Ac\u00e9rcate a nuestras instalaciones y cu\u00e9ntanos c\u00f3mo Grupo Mardaras puede ayudar a tu negocio. B\u00ba Rebollar, s\/n, Cacicedo de Camargo Encuentra nuestras oficinas:","og_url":"https:\/\/www.jlmardaras.es\/en\/contacto\/","og_site_name":"Grupo MARDARAS","article_modified_time":"2022-12-31T13:24:05+00:00","og_image":[{"width":1920,"height":866,"url":"https:\/\/www.jlmardaras.es\/wp-content\/uploads\/2022\/12\/mardaras-contacto.jpg","type":"image\/jpeg"}],"twitter_card":"summary_large_image","twitter_misc":{"Estimated reading time":"1 minute"},"schema":{"@context":"https:\/\/schema.org","@graph":[{"@type":"WebPage","@id":"https:\/\/www.jlmardaras.es\/contacto\/","url":"https:\/\/www.jlmardaras.es\/contacto\/","name":"Contacto - Grupo MARDARAS","isPartOf":{"@id":"https:\/\/www.jlmardaras.es\/#website"},"datePublished":"2016-10-06T03:56:06+00:00","dateModified":"2022-12-31T13:24:05+00:00","breadcrumb":{"@id":"https:\/\/www.jlmardaras.es\/contacto\/#breadcrumb"},"inLanguage":"en-GB","potentialAction":[{"@type":"ReadAction","target":["https:\/\/www.jlmardaras.es\/contacto\/"]}]},{"@type":"BreadcrumbList","@id":"https:\/\/www.jlmardaras.es\/contacto\/#breadcrumb","itemListElement":[{"@type":"ListItem","position":1,"name":"Portada","item":"https:\/\/www.jlmardaras.es\/"},{"@type":"ListItem","position":2,"name":"Contacto"}]},{"@type":"WebSite","@id":"https:\/\/www.jlmardaras.es\/#website","url":"https:\/\/www.jlmardaras.es\/","name":"Grupo MARDARAS","description":"Transportes y Gruas","publisher":{"@id":"https:\/\/www.jlmardaras.es\/#organization"},"potentialAction":[{"@type":"SearchAction","target":{"@type":"EntryPoint","urlTemplate":"https:\/\/www.jlmardaras.es\/?s={search_term_string}"},"query-input":"required name=search_term_string"}],"inLanguage":"en-GB"},{"@type":"Organization","@id":"https:\/\/www.jlmardaras.es\/#organization","name":"Grupo MARDARAS","url":"https:\/\/www.jlmardaras.es\/","logo":{"@type":"ImageObject","inLanguage":"en-GB","@id":"https:\/\/www.jlmardaras.es\/#\/schema\/logo\/image\/","url":"https:\/\/www.jlmardaras.es\/wp-content\/uploads\/2022\/12\/cropped-logo-mardaras-izq.jpeg","contentUrl":"https:\/\/www.jlmardaras.es\/wp-content\/uploads\/2022\/12\/cropped-logo-mardaras-izq.jpeg","width":320,"height":108,"caption":"Grupo MARDARAS"},"image":{"@id":"https:\/\/www.jlmardaras.es\/#\/schema\/logo\/image\/"}}]}},"_links":{"self":[{"href":"https:\/\/www.jlmardaras.es\/en\/wp-json\/wp\/v2\/pages\/8459","targetHints":{"allow":["GET"]}}],"collection":[{"href":"https:\/\/www.jlmardaras.es\/en\/wp-json\/wp\/v2\/pages"}],"about":[{"href":"https:\/\/www.jlmardaras.es\/en\/wp-json\/wp\/v2\/types\/page"}],"author":[{"embeddable":true,"href":"https:\/\/www.jlmardaras.es\/en\/wp-json\/wp\/v2\/users\/1"}],"replies":[{"embeddable":true,"href":"https:\/\/www.jlmardaras.es\/en\/wp-json\/wp\/v2\/comments?post=8459"}],"version-history":[{"count":13,"href":"https:\/\/www.jlmardaras.es\/en\/wp-json\/wp\/v2\/pages\/8459\/revisions"}],"predecessor-version":[{"id":10235,"href":"https:\/\/www.jlmardaras.es\/en\/wp-json\/wp\/v2\/pages\/8459\/revisions\/10235"}],"wp:featuredmedia":[{"embeddable":true,"href":"https:\/\/www.jlmardaras.es\/en\/wp-json\/wp\/v2\/media\/10221"}],"wp:attachment":[{"href":"https:\/\/www.jlmardaras.es\/en\/wp-json\/wp\/v2\/media?parent=8459"}],"curies":[{"name":"wp","href":"https:\/\/api.w.org\/{rel}","templated":true}]}}