{"id":8461,"date":"2016-10-13T09:35:46","date_gmt":"2016-10-13T09:35:46","guid":{"rendered":"http:\/\/demowp.cththemes.net\/diopter\/?page_id=531"},"modified":"2024-10-25T08:32:16","modified_gmt":"2024-10-25T08:32:16","slug":"sobre-nosotros","status":"publish","type":"page","link":"https:\/\/www.jlmardaras.es\/en\/sobre-nosotros\/","title":{"rendered":"Sobre nosotros"},"content":{"rendered":"<div data-elementor-type=\"wp-post\" data-elementor-id=\"8461\" class=\"elementor elementor-8461\">\n\t\t\t\t\t\t<section class=\"elementor-section elementor-top-section elementor-element elementor-element-347edc6 gray-bg small-padding has-hex has-hex2 elementor-section-boxed elementor-section-height-default elementor-section-height-default\" data-id=\"347edc6\" data-element_type=\"section\" data-settings=\"{&quot;background_background&quot;:&quot;classic&quot;}\">\n\t\t\t\t\t\t\t<div class=\"elementor-background-overlay\"><\/div>\n\t\t\t\t\t\t\t<div class=\"elementor-container elementor-column-gap-default\">\n\t\t\t\t\t<div class=\"elementor-column elementor-col-33 elementor-top-column elementor-element elementor-element-4a3125c\" data-id=\"4a3125c\" data-element_type=\"column\">\n\t\t\t<div class=\"elementor-widget-wrap elementor-element-populated\">\n\t\t\t\t\t\t<div class=\"elementor-element elementor-element-5696e5c elementor-widget elementor-widget-feature_box\" data-id=\"5696e5c\" data-element_type=\"widget\" data-widget_type=\"feature_box.default\">\n\t\t\t\t<div class=\"elementor-widget-container\">\n\t\t\t  \n        <!--services-box --> \n        <div class=\"card-item sty2\">\n            <i class=\"fad fa-tools\"><\/i>            <span class=\"card-item_num\">01<\/span>\n            <h4 class=\"service-title\">Un completo abanico de servicios<\/h4>            <div class=\"card-desc\"><p>Ponemos a tu disposici\u00f3n un amplio abanico de servicios: obras, transporte de mercanc\u00edas, gr\u00faas, log\u00edstica, mantenimiento, desinfecci\u00f3n\u2026<\/p>\n<\/div>\n            <div class=\"clearfix\"><\/div>\n        <\/div>\n        \n        <!-- services-box end  -->      \n        \t\t<\/div>\n\t\t\t\t<\/div>\n\t\t\t\t\t<\/div>\n\t\t<\/div>\n\t\t\t\t<div class=\"elementor-column elementor-col-33 elementor-top-column elementor-element elementor-element-00c9899\" data-id=\"00c9899\" data-element_type=\"column\">\n\t\t\t<div class=\"elementor-widget-wrap elementor-element-populated\">\n\t\t\t\t\t\t<div class=\"elementor-element elementor-element-b034eea elementor-widget elementor-widget-feature_box\" data-id=\"b034eea\" data-element_type=\"widget\" data-widget_type=\"feature_box.default\">\n\t\t\t\t<div class=\"elementor-widget-container\">\n\t\t\t  \n        <!--services-box --> \n        <div class=\"card-item sty1\">\n            <i class=\"fas fa-clock\"><\/i>            <span class=\"card-item_num\">02<\/span>\n            <h4 class=\"service-title\">Disponibilidad inmediata<\/h4>            <div class=\"card-desc\"><p>La disponibilidad total e inmediata para la satisfacci\u00f3n de nuestros clientes se ha convertido en una se\u00f1a de identidad de Grupo Mardaras.<\/p><\/div>\n            <div class=\"clearfix\"><\/div>\n        <\/div>\n        \n        <!-- services-box end  -->      \n        \t\t<\/div>\n\t\t\t\t<\/div>\n\t\t\t\t\t<\/div>\n\t\t<\/div>\n\t\t\t\t<div class=\"elementor-column elementor-col-33 elementor-top-column elementor-element elementor-element-4000a18\" data-id=\"4000a18\" data-element_type=\"column\">\n\t\t\t<div class=\"elementor-widget-wrap elementor-element-populated\">\n\t\t\t\t\t\t<div class=\"elementor-element elementor-element-7a114a7 elementor-widget elementor-widget-feature_box\" data-id=\"7a114a7\" data-element_type=\"widget\" data-widget_type=\"feature_box.default\">\n\t\t\t\t<div class=\"elementor-widget-container\">\n\t\t\t  \n        <!--services-box --> \n        <div class=\"card-item sty1\">\n            <i class=\"fad fa-handshake-alt\"><\/i>            <span class=\"card-item_num\">03<\/span>\n            <h4 class=\"service-title\">Experiencia y atenci\u00f3n personalizada<\/h4>            <div class=\"card-desc\"><p>M\u00e1s de 20 a\u00f1os atendiendo a clientes de todo el mundo avalan nuestro conocimiento y experiencia en el sector.<\/p>\n<\/div>\n            <div class=\"clearfix\"><\/div>\n        <\/div>\n        \n        <!-- services-box end  -->      \n        \t\t<\/div>\n\t\t\t\t<\/div>\n\t\t\t\t\t<\/div>\n\t\t<\/div>\n\t\t\t\t\t<\/div>\n\t\t<\/section>\n\t\t\t\t<section class=\"elementor-section elementor-top-section elementor-element elementor-element-46cd3fc elementor-section-stretched sec-padding elementor-section-boxed elementor-section-height-default elementor-section-height-default\" data-id=\"46cd3fc\" data-element_type=\"section\" data-settings=\"{&quot;stretch_section&quot;:&quot;section-stretched&quot;,&quot;background_background&quot;:&quot;classic&quot;}\">\n\t\t\t\t\t\t<div class=\"elementor-container elementor-column-gap-wide\">\n\t\t\t\t\t<div class=\"elementor-column elementor-col-50 elementor-top-column elementor-element elementor-element-8141bba\" data-id=\"8141bba\" data-element_type=\"column\">\n\t\t\t<div class=\"elementor-widget-wrap elementor-element-populated\">\n\t\t\t\t\t\t<div class=\"elementor-element elementor-element-a26d9f7 elementor-widget elementor-widget-section_title\" data-id=\"a26d9f7\" data-element_type=\"widget\" data-widget_type=\"section_title.default\">\n\t\t\t\t<div class=\"elementor-widget-container\">\n\t\t\t        <div class=\"section-title st-left st-st1\">\n        <h4 class=\"sec-subtitle\"><span>GRUPO MARDARAS<\/span><\/h4>            <h2 class=\"sec-title\"><span>Nos avala una trayectoria\nde m\u00e1s de 20 a\u00f1os.<\/span><\/h2>                    <\/div>\n        \t\t<\/div>\n\t\t\t\t<\/div>\n\t\t\t\t<div class=\"elementor-element elementor-element-136e4e6 elementor-widget elementor-widget-text-editor\" data-id=\"136e4e6\" data-element_type=\"widget\" data-widget_type=\"text-editor.default\">\n\t\t\t\t<div class=\"elementor-widget-container\">\n\t\t\t\t\t\t\t<p>En el a\u00f1o 1997, pero con una dilatada experiencia anterior acumulada en el sector del transporte por carretera, se funda JOS\u00c9 LUIS MARDARAS E HIJOS, S.L. que lleva veinte a\u00f1os en continua evoluci\u00f3n adapt\u00e1ndose a las necesidades del entorno y, sobretodo, de sus clientes.<\/p><p>Como resultado de este proceso, hemos ido incorporando nuevas \u00e1reas de trabajo con el horizonte de ofrecer a nuestros clientes un servicio integral y adaptado a sus necesidades sin mermar la calidad y seguridad en el trabajo, nuestras premisas fundamentales.<\/p>\t\t\t\t\t\t<\/div>\n\t\t\t\t<\/div>\n\t\t\t\t\t<\/div>\n\t\t<\/div>\n\t\t\t\t<div class=\"elementor-column elementor-col-50 elementor-top-column elementor-element elementor-element-d66790f\" data-id=\"d66790f\" data-element_type=\"column\">\n\t\t\t<div class=\"elementor-widget-wrap elementor-element-populated\">\n\t\t\t\t\t\t<div class=\"elementor-element elementor-element-fc8203b elementor-widget elementor-widget-image_quote\" data-id=\"fc8203b\" data-element_type=\"widget\" data-widget_type=\"image_quote.default\">\n\t\t\t\t<div class=\"elementor-widget-container\">\n\t\t\t        <div class=\"about-img abimg-sty1\" data-scrollax-parent=\"true\">\n            <img fetchpriority=\"high\" decoding=\"async\" width=\"897\" height=\"594\" src=\"https:\/\/www.jlmardaras.es\/wp-content\/uploads\/2023\/01\/camion-cisterna-mardaras.jpg\" class=\"respimg\" alt=\"\" srcset=\"https:\/\/www.jlmardaras.es\/wp-content\/uploads\/2023\/01\/camion-cisterna-mardaras.jpg 897w, https:\/\/www.jlmardaras.es\/wp-content\/uploads\/2023\/01\/camion-cisterna-mardaras-300x199.jpg 300w, https:\/\/www.jlmardaras.es\/wp-content\/uploads\/2023\/01\/camion-cisterna-mardaras-768x509.jpg 768w, https:\/\/www.jlmardaras.es\/wp-content\/uploads\/2023\/01\/camion-cisterna-mardaras-18x12.jpg 18w, https:\/\/www.jlmardaras.es\/wp-content\/uploads\/2023\/01\/camion-cisterna-mardaras-828x548.jpg 828w, https:\/\/www.jlmardaras.es\/wp-content\/uploads\/2023\/01\/camion-cisterna-mardaras-303x201.jpg 303w, https:\/\/www.jlmardaras.es\/wp-content\/uploads\/2023\/01\/camion-cisterna-mardaras-606x402.jpg 606w, https:\/\/www.jlmardaras.es\/wp-content\/uploads\/2023\/01\/camion-cisterna-mardaras-530x350.jpg 530w, https:\/\/www.jlmardaras.es\/wp-content\/uploads\/2023\/01\/camion-cisterna-mardaras-450x298.jpg 450w, https:\/\/www.jlmardaras.es\/wp-content\/uploads\/2023\/01\/camion-cisterna-mardaras-430x285.jpg 430w, https:\/\/www.jlmardaras.es\/wp-content\/uploads\/2023\/01\/camion-cisterna-mardaras-150x100.jpg 150w\" sizes=\"(max-width: 897px) 100vw, 897px\" \/>                        <div class=\"about-img-hotifer color-bg\">\n                <p style=\"color: #fff; font-weight: 300;\">La disponibilidad total e inmediata para la satisfacci\u00f3n total del cliente se ha convertido en la se\u00f1a de identidad de la empresa.\n<\/p>\n<h5 style=\"color: #fff;\">Grupo Mardaras<\/h5>            <\/div>\n                                        <div class=\"about-img-title\" data-scrollax=\"properties: { translateY: '100px' }\">M\u00c1S DE 30 A\u00d1OS DE EXPERIENCIA<\/div>\n                        \n        <\/div>\n        \t\t<\/div>\n\t\t\t\t<\/div>\n\t\t\t\t\t<\/div>\n\t\t<\/div>\n\t\t\t\t\t<\/div>\n\t\t<\/section>\n\t\t\t\t<section class=\"elementor-section elementor-top-section elementor-element elementor-element-7936fbf darkbg_2 notifer-block elementor-section-content-middle elementor-section-boxed elementor-section-height-default elementor-section-height-default\" data-id=\"7936fbf\" data-element_type=\"section\">\n\t\t\t\t\t\t<div class=\"elementor-container elementor-column-gap-default\">\n\t\t\t\t\t<div class=\"elementor-column elementor-col-66 elementor-top-column elementor-element elementor-element-7578ede\" data-id=\"7578ede\" data-element_type=\"column\">\n\t\t\t<div class=\"elementor-widget-wrap elementor-element-populated\">\n\t\t\t\t\t\t<div class=\"elementor-element elementor-element-6c1452c elementor-widget elementor-widget-section_title\" data-id=\"6c1452c\" data-element_type=\"widget\" data-widget_type=\"section_title.default\">\n\t\t\t\t<div class=\"elementor-widget-container\">\n\t\t\t        <div class=\"section-title st-left st-st7\">\n                    <h2 class=\"sec-title\"><span>\u00bfBuscas una empresa que de soporte a tus necesidades de transporte?<\/span><\/h2>                    <\/div>\n        \t\t<\/div>\n\t\t\t\t<\/div>\n\t\t\t\t\t<\/div>\n\t\t<\/div>\n\t\t\t\t<div class=\"elementor-column elementor-col-33 elementor-top-column elementor-element elementor-element-a2a430f\" data-id=\"a2a430f\" data-element_type=\"column\">\n\t\t\t<div class=\"elementor-widget-wrap elementor-element-populated\">\n\t\t\t\t\t\t<div class=\"elementor-element elementor-element-68a32e7 ml-auto ms-auto elementor-widget__width-auto elementor-widget elementor-widget-cthbutton\" data-id=\"68a32e7\" data-element_type=\"widget\" data-widget_type=\"cthbutton.default\">\n\t\t\t\t<div class=\"elementor-widget-container\">\n\t\t\t \n            <a href=\"https:\/\/www.jlmardaras.es\/en\/contacto\/\"  class=\"tbtn tbtn color-dark normal-btn normal normalw-btn icon-left btn-no-text-no\"><span>CONTACTA AHORA<\/span><\/a>\n        \t\t<\/div>\n\t\t\t\t<\/div>\n\t\t\t\t\t<\/div>\n\t\t<\/div>\n\t\t\t\t\t<\/div>\n\t\t<\/section>\n\t\t\t\t<section class=\"elementor-section elementor-top-section elementor-element elementor-element-43e2675b paralax-section elementor-section-boxed elementor-section-height-default elementor-section-height-default\" data-id=\"43e2675b\" data-element_type=\"section\" data-settings=\"{&quot;background_background&quot;:&quot;classic&quot;}\">\n\t\t\t\t\t\t\t<div class=\"elementor-background-overlay\"><\/div>\n\t\t\t\t\t\t\t<div class=\"elementor-container elementor-column-gap-default\">\n\t\t\t\t\t<div class=\"elementor-column elementor-col-33 elementor-top-column elementor-element elementor-element-1f48c3d4\" data-id=\"1f48c3d4\" data-element_type=\"column\">\n\t\t\t<div class=\"elementor-widget-wrap elementor-element-populated\">\n\t\t\t\t\t\t<div class=\"elementor-element elementor-element-33a4dbe7 elementor-widget elementor-widget-counter\" data-id=\"33a4dbe7\" data-element_type=\"widget\" data-widget_type=\"counter.default\">\n\t\t\t\t<div class=\"elementor-widget-container\">\n\t\t\t        <div class=\"main-facts single-facts_2 hide-decor-\">\n            <div class=\"inline-facts-wrap\">\n                <div class=\"inline-facts\">\n                                        <div class=\"milestone-counter\">\n                        <div class=\"stats animaper\">\n                            <div class=\"num\" data-content=\"0\" data-num=\"30\">30<\/div>\n                        <\/div>\n                    <\/div>\n                    <h6>A\u00d1OS DE EXPERIENCIA<\/h6>                <\/div>\n            <\/div>\n        <\/div>\n        \t\t<\/div>\n\t\t\t\t<\/div>\n\t\t\t\t\t<\/div>\n\t\t<\/div>\n\t\t\t\t<div class=\"elementor-column elementor-col-33 elementor-top-column elementor-element elementor-element-4d468f55\" data-id=\"4d468f55\" data-element_type=\"column\">\n\t\t\t<div class=\"elementor-widget-wrap elementor-element-populated\">\n\t\t\t\t\t\t<div class=\"elementor-element elementor-element-4879c6db elementor-widget elementor-widget-counter\" data-id=\"4879c6db\" data-element_type=\"widget\" data-widget_type=\"counter.default\">\n\t\t\t\t<div class=\"elementor-widget-container\">\n\t\t\t        <div class=\"main-facts single-facts_2 hide-decor-no\">\n            <div class=\"inline-facts-wrap\">\n                <div class=\"inline-facts\">\n                                        <div class=\"milestone-counter\">\n                        <div class=\"stats animaper\">\n                            <div class=\"num\" data-content=\"0\" data-num=\"400\">400<\/div>\n                        <\/div>\n                    <\/div>\n                    <h6>CLIENTES SATISFECHOS<\/h6>                <\/div>\n            <\/div>\n        <\/div>\n        \t\t<\/div>\n\t\t\t\t<\/div>\n\t\t\t\t\t<\/div>\n\t\t<\/div>\n\t\t\t\t<div class=\"elementor-column elementor-col-33 elementor-top-column elementor-element elementor-element-5aa002c9\" data-id=\"5aa002c9\" data-element_type=\"column\">\n\t\t\t<div class=\"elementor-widget-wrap elementor-element-populated\">\n\t\t\t\t\t\t<div class=\"elementor-element elementor-element-53f291e8 elementor-widget elementor-widget-counter\" data-id=\"53f291e8\" data-element_type=\"widget\" data-widget_type=\"counter.default\">\n\t\t\t\t<div class=\"elementor-widget-container\">\n\t\t\t        <div class=\"main-facts single-facts_2 hide-decor-yes\">\n            <div class=\"inline-facts-wrap\">\n                <div class=\"inline-facts\">\n                                        <div class=\"milestone-counter\">\n                        <div class=\"stats animaper\">\n                            <div class=\"num\" data-content=\"0\" data-num=\"45\">45<\/div>\n                        <\/div>\n                    <\/div>\n                    <h6>TRABAJADORES<\/h6>                <\/div>\n            <\/div>\n        <\/div>\n        \t\t<\/div>\n\t\t\t\t<\/div>\n\t\t\t\t\t<\/div>\n\t\t<\/div>\n\t\t\t\t\t<\/div>\n\t\t<\/section>\n\t\t\t\t<\/div>","protected":false},"excerpt":{"rendered":"01 Un completo abanico de servicios Ponemos a tu disposici\u00f3n un amplio abanico de servicios: obras, transporte de mercanc\u00edas, gr\u00faas, log\u00edstica, mantenimiento, desinfecci\u00f3n\u2026 02 Disponibilidad inmediata La disponibilidad total e inmediata para la satisfacci\u00f3n de nuestros clientes se ha convertido en una se\u00f1a de identidad de Grupo Mardaras. 03 Experiencia y atenci\u00f3n personalizada M\u00e1s de 20 a\u00f1os atendiendo a clientes de todo el mundo avalan nuestro conocimiento y experiencia en el sector. GRUPO MARDARAS Nos avala una trayectoria de m\u00e1s de 20 a\u00f1os. En el a\u00f1o 1997, pero con una dilatada experiencia anterior acumulada en el sector del transporte por carretera, se funda JOS\u00c9 LUIS MARDARAS E HIJOS, S.L. que lleva veinte a\u00f1os en continua evoluci\u00f3n adapt\u00e1ndose a las necesidades del entorno y, sobretodo, de sus clientes. Como resultado de este proceso, hemos ido incorporando nuevas \u00e1reas de trabajo con el horizonte de ofrecer a nuestros clientes un servicio integral [&hellip;]","protected":false},"author":1,"featured_media":0,"parent":0,"menu_order":0,"comment_status":"closed","ping_status":"closed","template":"page-full.php","meta":{"footnotes":""},"class_list":["post-8461","page","type-page","status-publish","hentry"],"yoast_head":"<!-- This site is optimized with the Yoast SEO plugin v19.13 - https:\/\/yoast.com\/wordpress\/plugins\/seo\/ -->\n<title>Sobre nosotros - Grupo MARDARAS<\/title>\n<meta name=\"robots\" content=\"index, follow, max-snippet:-1, max-image-preview:large, max-video-preview:-1\" \/>\n<link rel=\"canonical\" href=\"https:\/\/www.jlmardaras.es\/en\/sobre-nosotros\/\" \/>\n<meta property=\"og:locale\" content=\"en_GB\" \/>\n<meta property=\"og:type\" content=\"article\" \/>\n<meta property=\"og:title\" content=\"Sobre nosotros - Grupo MARDARAS\" \/>\n<meta property=\"og:description\" content=\"01 Un completo abanico de servicios Ponemos a tu disposici\u00f3n un amplio abanico de servicios: obras, transporte de mercanc\u00edas, gr\u00faas, log\u00edstica, mantenimiento, desinfecci\u00f3n\u2026 02 Disponibilidad inmediata La disponibilidad total e inmediata para la satisfacci\u00f3n de nuestros clientes se ha convertido en una se\u00f1a de identidad de Grupo Mardaras. 03 Experiencia y atenci\u00f3n personalizada M\u00e1s de 20 a\u00f1os atendiendo a clientes de todo el mundo avalan nuestro conocimiento y experiencia en el sector. GRUPO MARDARAS Nos avala una trayectoria de m\u00e1s de 20 a\u00f1os. En el a\u00f1o 1997, pero con una dilatada experiencia anterior acumulada en el sector del transporte por carretera, se funda JOS\u00c9 LUIS MARDARAS E HIJOS, S.L. que lleva veinte a\u00f1os en continua evoluci\u00f3n adapt\u00e1ndose a las necesidades del entorno y, sobretodo, de sus clientes. Como resultado de este proceso, hemos ido incorporando nuevas \u00e1reas de trabajo con el horizonte de ofrecer a nuestros clientes un servicio integral [&hellip;]\" \/>\n<meta property=\"og:url\" content=\"https:\/\/www.jlmardaras.es\/en\/sobre-nosotros\/\" \/>\n<meta property=\"og:site_name\" content=\"Grupo MARDARAS\" \/>\n<meta property=\"article:modified_time\" content=\"2024-10-25T08:32:16+00:00\" \/>\n<meta property=\"og:image\" content=\"https:\/\/www.jlmardaras.es\/wp-content\/uploads\/2023\/01\/camion-cisterna-mardaras.jpg\" \/>\n<meta name=\"twitter:card\" content=\"summary_large_image\" \/>\n<meta name=\"twitter:label1\" content=\"Estimated reading time\" \/>\n\t<meta name=\"twitter:data1\" content=\"2 minutes\" \/>\n<script type=\"application\/ld+json\" class=\"yoast-schema-graph\">{\"@context\":\"https:\/\/schema.org\",\"@graph\":[{\"@type\":\"WebPage\",\"@id\":\"https:\/\/www.jlmardaras.es\/sobre-nosotros\/\",\"url\":\"https:\/\/www.jlmardaras.es\/sobre-nosotros\/\",\"name\":\"Sobre nosotros - Grupo MARDARAS\",\"isPartOf\":{\"@id\":\"https:\/\/www.jlmardaras.es\/#website\"},\"datePublished\":\"2016-10-13T09:35:46+00:00\",\"dateModified\":\"2024-10-25T08:32:16+00:00\",\"breadcrumb\":{\"@id\":\"https:\/\/www.jlmardaras.es\/sobre-nosotros\/#breadcrumb\"},\"inLanguage\":\"en-GB\",\"potentialAction\":[{\"@type\":\"ReadAction\",\"target\":[\"https:\/\/www.jlmardaras.es\/sobre-nosotros\/\"]}]},{\"@type\":\"BreadcrumbList\",\"@id\":\"https:\/\/www.jlmardaras.es\/sobre-nosotros\/#breadcrumb\",\"itemListElement\":[{\"@type\":\"ListItem\",\"position\":1,\"name\":\"Portada\",\"item\":\"https:\/\/www.jlmardaras.es\/\"},{\"@type\":\"ListItem\",\"position\":2,\"name\":\"Sobre nosotros\"}]},{\"@type\":\"WebSite\",\"@id\":\"https:\/\/www.jlmardaras.es\/#website\",\"url\":\"https:\/\/www.jlmardaras.es\/\",\"name\":\"Grupo MARDARAS\",\"description\":\"Transportes y Gruas\",\"publisher\":{\"@id\":\"https:\/\/www.jlmardaras.es\/#organization\"},\"potentialAction\":[{\"@type\":\"SearchAction\",\"target\":{\"@type\":\"EntryPoint\",\"urlTemplate\":\"https:\/\/www.jlmardaras.es\/?s={search_term_string}\"},\"query-input\":\"required name=search_term_string\"}],\"inLanguage\":\"en-GB\"},{\"@type\":\"Organization\",\"@id\":\"https:\/\/www.jlmardaras.es\/#organization\",\"name\":\"Grupo MARDARAS\",\"url\":\"https:\/\/www.jlmardaras.es\/\",\"logo\":{\"@type\":\"ImageObject\",\"inLanguage\":\"en-GB\",\"@id\":\"https:\/\/www.jlmardaras.es\/#\/schema\/logo\/image\/\",\"url\":\"https:\/\/www.jlmardaras.es\/wp-content\/uploads\/2022\/12\/cropped-logo-mardaras-izq.jpeg\",\"contentUrl\":\"https:\/\/www.jlmardaras.es\/wp-content\/uploads\/2022\/12\/cropped-logo-mardaras-izq.jpeg\",\"width\":320,\"height\":108,\"caption\":\"Grupo MARDARAS\"},\"image\":{\"@id\":\"https:\/\/www.jlmardaras.es\/#\/schema\/logo\/image\/\"}}]}<\/script>\n<!-- \/ Yoast SEO plugin. -->","yoast_head_json":{"title":"Sobre nosotros - Grupo MARDARAS","robots":{"index":"index","follow":"follow","max-snippet":"max-snippet:-1","max-image-preview":"max-image-preview:large","max-video-preview":"max-video-preview:-1"},"canonical":"https:\/\/www.jlmardaras.es\/en\/sobre-nosotros\/","og_locale":"en_GB","og_type":"article","og_title":"Sobre nosotros - Grupo MARDARAS","og_description":"01 Un completo abanico de servicios Ponemos a tu disposici\u00f3n un amplio abanico de servicios: obras, transporte de mercanc\u00edas, gr\u00faas, log\u00edstica, mantenimiento, desinfecci\u00f3n\u2026 02 Disponibilidad inmediata La disponibilidad total e inmediata para la satisfacci\u00f3n de nuestros clientes se ha convertido en una se\u00f1a de identidad de Grupo Mardaras. 03 Experiencia y atenci\u00f3n personalizada M\u00e1s de 20 a\u00f1os atendiendo a clientes de todo el mundo avalan nuestro conocimiento y experiencia en el sector. GRUPO MARDARAS Nos avala una trayectoria de m\u00e1s de 20 a\u00f1os. En el a\u00f1o 1997, pero con una dilatada experiencia anterior acumulada en el sector del transporte por carretera, se funda JOS\u00c9 LUIS MARDARAS E HIJOS, S.L. que lleva veinte a\u00f1os en continua evoluci\u00f3n adapt\u00e1ndose a las necesidades del entorno y, sobretodo, de sus clientes. Como resultado de este proceso, hemos ido incorporando nuevas \u00e1reas de trabajo con el horizonte de ofrecer a nuestros clientes un servicio integral [&hellip;]","og_url":"https:\/\/www.jlmardaras.es\/en\/sobre-nosotros\/","og_site_name":"Grupo MARDARAS","article_modified_time":"2024-10-25T08:32:16+00:00","og_image":[{"url":"https:\/\/www.jlmardaras.es\/wp-content\/uploads\/2023\/01\/camion-cisterna-mardaras.jpg"}],"twitter_card":"summary_large_image","twitter_misc":{"Estimated reading time":"2 minutes"},"schema":{"@context":"https:\/\/schema.org","@graph":[{"@type":"WebPage","@id":"https:\/\/www.jlmardaras.es\/sobre-nosotros\/","url":"https:\/\/www.jlmardaras.es\/sobre-nosotros\/","name":"Sobre nosotros - Grupo MARDARAS","isPartOf":{"@id":"https:\/\/www.jlmardaras.es\/#website"},"datePublished":"2016-10-13T09:35:46+00:00","dateModified":"2024-10-25T08:32:16+00:00","breadcrumb":{"@id":"https:\/\/www.jlmardaras.es\/sobre-nosotros\/#breadcrumb"},"inLanguage":"en-GB","potentialAction":[{"@type":"ReadAction","target":["https:\/\/www.jlmardaras.es\/sobre-nosotros\/"]}]},{"@type":"BreadcrumbList","@id":"https:\/\/www.jlmardaras.es\/sobre-nosotros\/#breadcrumb","itemListElement":[{"@type":"ListItem","position":1,"name":"Portada","item":"https:\/\/www.jlmardaras.es\/"},{"@type":"ListItem","position":2,"name":"Sobre nosotros"}]},{"@type":"WebSite","@id":"https:\/\/www.jlmardaras.es\/#website","url":"https:\/\/www.jlmardaras.es\/","name":"Grupo MARDARAS","description":"Transportes y Gruas","publisher":{"@id":"https:\/\/www.jlmardaras.es\/#organization"},"potentialAction":[{"@type":"SearchAction","target":{"@type":"EntryPoint","urlTemplate":"https:\/\/www.jlmardaras.es\/?s={search_term_string}"},"query-input":"required name=search_term_string"}],"inLanguage":"en-GB"},{"@type":"Organization","@id":"https:\/\/www.jlmardaras.es\/#organization","name":"Grupo MARDARAS","url":"https:\/\/www.jlmardaras.es\/","logo":{"@type":"ImageObject","inLanguage":"en-GB","@id":"https:\/\/www.jlmardaras.es\/#\/schema\/logo\/image\/","url":"https:\/\/www.jlmardaras.es\/wp-content\/uploads\/2022\/12\/cropped-logo-mardaras-izq.jpeg","contentUrl":"https:\/\/www.jlmardaras.es\/wp-content\/uploads\/2022\/12\/cropped-logo-mardaras-izq.jpeg","width":320,"height":108,"caption":"Grupo MARDARAS"},"image":{"@id":"https:\/\/www.jlmardaras.es\/#\/schema\/logo\/image\/"}}]}},"_links":{"self":[{"href":"https:\/\/www.jlmardaras.es\/en\/wp-json\/wp\/v2\/pages\/8461","targetHints":{"allow":["GET"]}}],"collection":[{"href":"https:\/\/www.jlmardaras.es\/en\/wp-json\/wp\/v2\/pages"}],"about":[{"href":"https:\/\/www.jlmardaras.es\/en\/wp-json\/wp\/v2\/types\/page"}],"author":[{"embeddable":true,"href":"https:\/\/www.jlmardaras.es\/en\/wp-json\/wp\/v2\/users\/1"}],"replies":[{"embeddable":true,"href":"https:\/\/www.jlmardaras.es\/en\/wp-json\/wp\/v2\/comments?post=8461"}],"version-history":[{"count":24,"href":"https:\/\/www.jlmardaras.es\/en\/wp-json\/wp\/v2\/pages\/8461\/revisions"}],"predecessor-version":[{"id":10537,"href":"https:\/\/www.jlmardaras.es\/en\/wp-json\/wp\/v2\/pages\/8461\/revisions\/10537"}],"wp:attachment":[{"href":"https:\/\/www.jlmardaras.es\/en\/wp-json\/wp\/v2\/media?parent=8461"}],"curies":[{"name":"wp","href":"https:\/\/api.w.org\/{rel}","templated":true}]}}